{"id":1505,"date":"2021-12-29T10:18:40","date_gmt":"2021-12-29T10:18:40","guid":{"rendered":"https:\/\/www.ateliermadrid.es\/?page_id=1505"},"modified":"2022-01-21T15:45:37","modified_gmt":"2022-01-21T15:45:37","slug":"contacto","status":"publish","type":"page","link":"https:\/\/www.ateliermadrid.es\/en\/contacto\/","title":{"rendered":"Contact"},"content":{"rendered":"<div class=\"wpb-content-wrapper\"><div data-vc-full-width=\"true\" data-vc-full-width-temp=\"true\" data-vc-full-width-init=\"false\" data-vc-stretch-content=\"true\" class=\"vc_row wpb_row vc_row-fluid vc_row-no-padding vc_row-o-equal-height vc_row-o-content-top vc_row-flex\"><div class=\"wpb_column vc_column_container vc_col-sm-6 vc_col-has-fill\"><div class=\"vc_column-inner vc_custom_1571562230026\"><div class=\"wpb_wrapper\"><div id=\"ultimate-heading-74776a08910621080\" class=\"uvc-heading ult-adjust-bottom-margin ultimate-heading-74776a08910621080 uvc-5419  uvc-heading-default-font-sizes\" data-hspacer=\"no_spacer\"  data-halign=\"left\" style=\"text-align:left\"><div class=\"uvc-heading-spacer no_spacer\" style=\"top\"><\/div><div class=\"uvc-main-heading ult-responsive\"  data-ultimate-target='.uvc-heading.ultimate-heading-74776a08910621080 h2'  data-responsive-json-new='{\"font-size\":\"\",\"line-height\":\"\"}' ><h2 style=\"--font-weight:theme;margin-bottom:30px;\">Location<\/h2><\/div><\/div><div class=\"wpb_gmaps_widget wpb_content_element\"><div class=\"wpb_wrapper\"><div class=\"wpb_map_wraper\"><iframe src=\"https:\/\/www.google.com\/maps\/embed?pb=!1m18!1m12!1m3!1d3038.140531829685!2d-3.7012437838547902!3d40.40573746423038!2m3!1f0!2f0!3f0!3m2!1i1024!2i768!4f13.1!3m3!1m2!1s0xd42262c360ed7a9%3A0xbda16a7dbb09c10f!2sEdificio%20Ronda%2C%20Rda.%20de%20Atocha%2C%2037%2C%2028012%20Madrid!5e0!3m2!1sen!2ses!4v1640773832712!5m2!1sen!2ses\" width=\"600\" height=\"450\" style=\"border:0;\" allowfullscreen=\"\" loading=\"lazy\"><\/iframe><\/div><\/div><\/div><\/div><\/div><\/div><div class=\"wpb_column vc_column_container vc_col-sm-6 vc_col-has-fill\"><div class=\"vc_column-inner vc_custom_1571562136338\"><div class=\"wpb_wrapper\"><div id=\"ultimate-heading-5816a08910621461\" class=\"uvc-heading ult-adjust-bottom-margin ultimate-heading-5816a08910621461 uvc-3004  uvc-heading-default-font-sizes\" data-hspacer=\"no_spacer\"  data-halign=\"left\" style=\"text-align:left\"><div class=\"uvc-heading-spacer no_spacer\" style=\"top\"><\/div><div class=\"uvc-main-heading ult-responsive\"  data-ultimate-target='.uvc-heading.ultimate-heading-5816a08910621461 h2'  data-responsive-json-new='{\"font-size\":\"\",\"line-height\":\"\"}' ><h2 style=\"--font-weight:theme;margin-bottom:30px;\">Contact Form<\/h2><\/div><\/div>\n<div class=\"wpcf7 no-js\" id=\"wpcf7-f6-o1\" lang=\"es-ES\" dir=\"ltr\" data-wpcf7-id=\"6\">\n<div class=\"screen-reader-response\"><p role=\"status\" aria-live=\"polite\" aria-atomic=\"true\"><\/p> <ul><\/ul><\/div>\n<form action=\"\/en\/wp-json\/wp\/v2\/pages\/1505#wpcf7-f6-o1\" method=\"post\" class=\"wpcf7-form init\" aria-label=\"Formulario de contacto\" novalidate=\"novalidate\" data-status=\"init\" data-trp-original-action=\"\/en\/wp-json\/wp\/v2\/pages\/1505#wpcf7-f6-o1\">\n<fieldset class=\"hidden-fields-container\"><input type=\"hidden\" name=\"_wpcf7\" value=\"6\" \/><input type=\"hidden\" name=\"_wpcf7_version\" value=\"6.1.5\" \/><input type=\"hidden\" name=\"_wpcf7_locale\" value=\"es_ES\" \/><input type=\"hidden\" name=\"_wpcf7_unit_tag\" value=\"wpcf7-f6-o1\" \/><input type=\"hidden\" name=\"_wpcf7_container_post\" value=\"0\" \/><input type=\"hidden\" name=\"_wpcf7_posted_data_hash\" value=\"\" \/><input type=\"hidden\" name=\"_wpcf7_recaptcha_response\" value=\"\" \/>\n<\/fieldset>\n<p><label> <span class=\"wpcf7-form-control-wrap\" data-name=\"your-name\"><input size=\"40\" maxlength=\"400\" class=\"wpcf7-form-control wpcf7-text wpcf7-validates-as-required\" aria-required=\"true\" aria-invalid=\"false\" placeholder=\"Name*\" value=\"\" type=\"text\" name=\"your-name\" \/><\/span> <\/label><br \/>\n<label> <span class=\"wpcf7-form-control-wrap\" data-name=\"your-email\"><input size=\"40\" maxlength=\"400\" class=\"wpcf7-form-control wpcf7-email wpcf7-text wpcf7-validates-as-email\" aria-invalid=\"false\" placeholder=\"Email*\" value=\"\" type=\"email\" name=\"your-email\" \/><\/span> <\/label><br \/>\n<label> <span class=\"wpcf7-form-control-wrap\" data-name=\"your-tel\"><input size=\"40\" maxlength=\"400\" class=\"wpcf7-form-control wpcf7-tel wpcf7-validates-as-required wpcf7-text wpcf7-validates-as-tel\" aria-required=\"true\" aria-invalid=\"false\" placeholder=\"Mobile*\" value=\"\" type=\"tel\" name=\"your-tel\" \/><\/span> <\/label><br \/>\n<label> <span class=\"wpcf7-form-control-wrap\" data-name=\"your-subject\"><input size=\"40\" maxlength=\"400\" class=\"wpcf7-form-control wpcf7-text wpcf7-validates-as-required\" aria-required=\"true\" aria-invalid=\"false\" placeholder=\"Subject\" value=\"\" type=\"text\" name=\"your-subject\" \/><\/span> <\/label><br \/>\n<label> <span class=\"wpcf7-form-control-wrap\" data-name=\"your-message\"><textarea cols=\"40\" rows=\"10\" maxlength=\"2000\" class=\"wpcf7-form-control wpcf7-textarea\" aria-invalid=\"false\" placeholder=\"Message\" name=\"your-message\"><\/textarea><\/span> <\/label>\n<\/p>\n<p><br \/>\n<span class=\"wpcf7-form-control-wrap\" data-name=\"acceptance-268\"><span class=\"wpcf7-form-control wpcf7-acceptance\"><span class=\"wpcf7-list-item\"><label><input type=\"checkbox\" name=\"acceptance-268\" value=\"1\" id=\"aceptopolitica\" aria-invalid=\"false\" \/><span class=\"wpcf7-list-item-label\">I Accept <a href=\"\/en\/politica-de-privacidad\/\" target=\"_blank\">Private Policy<\/a><\/span><\/label><\/span><\/span><\/span>\n<\/p>\n<p><input class=\"wpcf7-form-control wpcf7-submit has-spinner\" type=\"submit\" value=\"Write us!\" \/>\n<\/p><p style=\"display: none !important;\" class=\"akismet-fields-container\" data-prefix=\"_wpcf7_ak_\"><label>&#916;<textarea name=\"_wpcf7_ak_hp_textarea\" cols=\"45\" rows=\"8\" maxlength=\"100\"><\/textarea><\/label><input type=\"hidden\" id=\"ak_js_1\" name=\"_wpcf7_ak_js\" value=\"124\"\/><script>document.getElementById( \"ak_js_1\" ).setAttribute( \"value\", ( new Date() ).getTime() );<\/script><\/p><div class=\"wpcf7-response-output\" aria-hidden=\"true\"><\/div>\n<input type=\"hidden\" name=\"trp-form-language\" value=\"en\"\/><\/form>\n<\/div>\n\n\t<div class=\"wpb_text_column wpb_content_element\" >\n\t\t<div class=\"wpb_wrapper\">\n\t\t\t<p><small>The data that you provide us through this contact form will be processed solely by Atelier Madrid as the person in charge of the web. The purpose of this form is personal contact. In no case will these data be transferred to third-party companies for their commercial exploitation. The data is stored locally in Spain (EU). Any user who uses this form has the right to cancel or modify the information sent. To exercise this right, please write an email to: info@ateliermadrid.es<\/small><\/p>\n\n\t\t<\/div>\n\t<\/div>\n<\/div><\/div><\/div><\/div><div class=\"vc_row-full-width vc_clearfix\"><\/div><div data-vc-full-width=\"true\" data-vc-full-width-temp=\"true\" data-vc-full-width-init=\"false\" data-vc-stretch-content=\"true\" class=\"vc_row wpb_row vc_row-fluid reverse-row-on-mobile vc_row-no-padding vc_row-o-equal-height vc_row-o-content-top vc_row-flex\"><div class=\"wpb_column vc_column_container vc_col-sm-6 vc_col-has-fill\"><div class=\"vc_column-inner vc_custom_1571562273382\"><div class=\"wpb_wrapper\"><div id=\"ultimate-heading-29876a08910622d32\" class=\"uvc-heading ult-adjust-bottom-margin ultimate-heading-29876a08910622d32 uvc-5001  uvc-heading-default-font-sizes\" data-hspacer=\"no_spacer\"  data-halign=\"left\" style=\"text-align:left\"><div class=\"uvc-heading-spacer no_spacer\" style=\"top\"><\/div><div class=\"uvc-main-heading ult-responsive\"  data-ultimate-target='.uvc-heading.ultimate-heading-29876a08910622d32 h2'  data-responsive-json-new='{\"font-size\":\"\",\"line-height\":\"\"}' ><h2 style=\"--font-weight:theme;margin-bottom:30px;\">Atelier Schedule<\/h2><\/div><div class=\"uvc-sub-heading ult-responsive\"  data-ultimate-target='.uvc-heading.ultimate-heading-29876a08910622d32 .uvc-sub-heading '  data-responsive-json-new='{\"font-size\":\"\",\"line-height\":\"\"}'  style=\"font-weight:normal;\"><\/p>\n<table class=\"cookies\">\n<tbody>\n<tr>\n<td>Lunes<\/td>\n<td>3:30 am \u2013 7:30 pm<\/td>\n<\/tr>\n<tr>\n<td>Martes<\/td>\n<td>3:30 am \u2013 7:30 pm<\/td>\n<\/tr>\n<tr>\n<td>Mi\u00e9rcoles<\/td>\n<td>3:30 am \u2013 7:30 pm<\/td>\n<\/tr>\n<tr>\n<td>Jueves<\/td>\n<td>3:30 am \u2013 7:30 pm<\/td>\n<\/tr>\n<tr>\n<td>Viernes<\/td>\n<td>3:30 am \u2013 7:30 pm<\/td>\n<\/tr>\n<\/tbody>\n<\/table>\n<p><\/div><\/div><\/div><\/div><\/div><div class=\"wpb_column vc_column_container vc_col-sm-6 vc_col-has-fill\"><div class=\"vc_column-inner vc_custom_1571562566387\"><div class=\"wpb_wrapper\"><div id=\"ultimate-heading-77886a08910622e34\" class=\"uvc-heading ult-adjust-bottom-margin ultimate-heading-77886a08910622e34 uvc-8849  uvc-heading-default-font-sizes\" data-hspacer=\"no_spacer\"  data-halign=\"left\" style=\"text-align:left\"><div class=\"uvc-heading-spacer no_spacer\" style=\"top\"><\/div><div class=\"uvc-main-heading ult-responsive\"  data-ultimate-target='.uvc-heading.ultimate-heading-77886a08910622e34 h2'  data-responsive-json-new='{\"font-size\":\"\",\"line-height\":\"\"}' ><h2 style=\"--font-weight:theme;margin-bottom:30px;\">Contact Information<\/h2><\/div><div class=\"uvc-sub-heading ult-responsive\"  data-ultimate-target='.uvc-heading.ultimate-heading-77886a08910622e34 .uvc-sub-heading '  data-responsive-json-new='{\"font-size\":\"\",\"line-height\":\"\"}'  style=\"font-weight:normal;margin-bottom:30px;\">Ronda de Atocha 37 bajo, 28012, Madrid<\/p>\n<p><a href=\"mailto:info@ateliermadrid.es\">info@ateliermadrid.es<\/a><\/div><\/div><style type=\"text\/css\" data-type=\"the7_shortcodes-inline-css\">.dt-shortcode-soc-icons.soc-icons-b77911eb44cedc954b331bd16ce2bf11 a {\n  margin-right: 4px;\n}\n.dt-shortcode-soc-icons a.soc-icons-b77911eb44cedc954b331bd16ce2bf11 {\n  margin-right: 4px;\n}\n.dt-shortcode-soc-icons a.soc-icons-b77911eb44cedc954b331bd16ce2bf11:last-child {\n  margin-right: 0;\n}\n.dt-shortcode-soc-icons a.soc-icons-b77911eb44cedc954b331bd16ce2bf11:before,\n.dt-shortcode-soc-icons a.soc-icons-b77911eb44cedc954b331bd16ce2bf11:after {\n  padding: inherit;\n}\n.dt-shortcode-soc-icons a.soc-icons-b77911eb44cedc954b331bd16ce2bf11.dt-icon-border-on:before {\n  border:  solid ;\n}\n.dt-shortcode-soc-icons a.soc-icons-b77911eb44cedc954b331bd16ce2bf11.dt-icon-hover-border-on:after {\n  border:  solid ;\n}<\/style><div class=\"dt-shortcode-soc-icons  soc-icons-b77911eb44cedc954b331bd16ce2bf11 soc-icons-left\" ><style type=\"text\/css\" data-type=\"the7_shortcodes-inline-css\">.dt-shortcode-soc-icons a.single-soc-icon-8f167b077fb686ea6b95a720b962a64c {\n  min-width: 46px;\n  min-height: 46px;\n  font-size: 24px;\n  border-radius: 100px;\n}\n.dt-shortcode-soc-icons a.single-soc-icon-8f167b077fb686ea6b95a720b962a64c:last-child {\n  margin-right: 0;\n}\n.dt-shortcode-soc-icons a.single-soc-icon-8f167b077fb686ea6b95a720b962a64c:before,\n.dt-shortcode-soc-icons a.single-soc-icon-8f167b077fb686ea6b95a720b962a64c:after {\n  min-width: 46px;\n  min-height: 46px;\n  padding: inherit;\n}\n.dt-shortcode-soc-icons a.single-soc-icon-8f167b077fb686ea6b95a720b962a64c.dt-icon-border-on:before {\n  border: 2px solid #2e2b36;\n}\n.dt-shortcode-soc-icons a.single-soc-icon-8f167b077fb686ea6b95a720b962a64c.dt-icon-hover-border-on:after {\n  border: 2px solid ;\n}\n.dt-shortcode-soc-icons a.single-soc-icon-8f167b077fb686ea6b95a720b962a64c:hover {\n  font-size: 24px;\n}\n#page .dt-shortcode-soc-icons a.single-soc-icon-8f167b077fb686ea6b95a720b962a64c:hover .soc-font-icon,\n#phantom .dt-shortcode-soc-icons a.single-soc-icon-8f167b077fb686ea6b95a720b962a64c:hover .soc-font-icon,\n#page .dt-shortcode-soc-icons a.single-soc-icon-8f167b077fb686ea6b95a720b962a64c:hover .soc-icon,\n#phantom .dt-shortcode-soc-icons a.single-soc-icon-8f167b077fb686ea6b95a720b962a64c:hover .soc-icon {\n  color: rgba(255,255,255,0.75);\n  background: none;\n}\n#page .dt-shortcode-soc-icons a.single-soc-icon-8f167b077fb686ea6b95a720b962a64c.dt-icon-hover-bg-on:after,\n#phantom .dt-shortcode-soc-icons a.single-soc-icon-8f167b077fb686ea6b95a720b962a64c.dt-icon-hover-bg-on:after {\n  background: #2e2b36;\n}\n#page .dt-shortcode-soc-icons a.single-soc-icon-8f167b077fb686ea6b95a720b962a64c:not(:hover) .soc-font-icon,\n#phantom .dt-shortcode-soc-icons a.single-soc-icon-8f167b077fb686ea6b95a720b962a64c:not(:hover) .soc-font-icon,\n#page .dt-shortcode-soc-icons a.single-soc-icon-8f167b077fb686ea6b95a720b962a64c:not(:hover) .soc-icon,\n#phantom .dt-shortcode-soc-icons a.single-soc-icon-8f167b077fb686ea6b95a720b962a64c:not(:hover) .soc-icon {\n  color: #2e2b36;\n  background: none;\n}\n.dt-shortcode-soc-icons a.single-soc-icon-8f167b077fb686ea6b95a720b962a64c .soc-font-icon,\n.dt-shortcode-soc-icons a.single-soc-icon-8f167b077fb686ea6b95a720b962a64c .soc-icon {\n  font-size: 24px;\n}<\/style><a title=\"Facebook\" href=\"https:\/\/www.facebook.com\/ateliermadrid\" class=\"facebook single-soc-icon-8f167b077fb686ea6b95a720b962a64c dt-icon-bg-off dt-icon-border-on dt-icon-hover-bg-on\"><i class=\"soc-icon soc-font-icon dt-icon-facebook\"><\/i><span class=\"screen-reader-text\">Facebook<\/span><\/a><style type=\"text\/css\" data-type=\"the7_shortcodes-inline-css\">.dt-shortcode-soc-icons a.single-soc-icon-2b13a6d4776420aadaf296ca7bc70438 {\n  min-width: 46px;\n  min-height: 46px;\n  font-size: 24px;\n  border-radius: 100px;\n}\n.dt-shortcode-soc-icons a.single-soc-icon-2b13a6d4776420aadaf296ca7bc70438:last-child {\n  margin-right: 0;\n}\n.dt-shortcode-soc-icons a.single-soc-icon-2b13a6d4776420aadaf296ca7bc70438:before,\n.dt-shortcode-soc-icons a.single-soc-icon-2b13a6d4776420aadaf296ca7bc70438:after {\n  min-width: 46px;\n  min-height: 46px;\n  padding: inherit;\n}\n.dt-shortcode-soc-icons a.single-soc-icon-2b13a6d4776420aadaf296ca7bc70438.dt-icon-border-on:before {\n  border: 2px solid #2e2b36;\n}\n.dt-shortcode-soc-icons a.single-soc-icon-2b13a6d4776420aadaf296ca7bc70438.dt-icon-hover-border-on:after {\n  border: 2px solid ;\n}\n.dt-shortcode-soc-icons a.single-soc-icon-2b13a6d4776420aadaf296ca7bc70438:hover {\n  font-size: 24px;\n}\n#page .dt-shortcode-soc-icons a.single-soc-icon-2b13a6d4776420aadaf296ca7bc70438:hover .soc-font-icon,\n#phantom .dt-shortcode-soc-icons a.single-soc-icon-2b13a6d4776420aadaf296ca7bc70438:hover .soc-font-icon,\n#page .dt-shortcode-soc-icons a.single-soc-icon-2b13a6d4776420aadaf296ca7bc70438:hover .soc-icon,\n#phantom .dt-shortcode-soc-icons a.single-soc-icon-2b13a6d4776420aadaf296ca7bc70438:hover .soc-icon {\n  color: rgba(255,255,255,0.75);\n  background: none;\n}\n#page .dt-shortcode-soc-icons a.single-soc-icon-2b13a6d4776420aadaf296ca7bc70438.dt-icon-hover-bg-on:after,\n#phantom .dt-shortcode-soc-icons a.single-soc-icon-2b13a6d4776420aadaf296ca7bc70438.dt-icon-hover-bg-on:after {\n  background: #2e2b36;\n}\n#page .dt-shortcode-soc-icons a.single-soc-icon-2b13a6d4776420aadaf296ca7bc70438:not(:hover) .soc-font-icon,\n#phantom .dt-shortcode-soc-icons a.single-soc-icon-2b13a6d4776420aadaf296ca7bc70438:not(:hover) .soc-font-icon,\n#page .dt-shortcode-soc-icons a.single-soc-icon-2b13a6d4776420aadaf296ca7bc70438:not(:hover) .soc-icon,\n#phantom .dt-shortcode-soc-icons a.single-soc-icon-2b13a6d4776420aadaf296ca7bc70438:not(:hover) .soc-icon {\n  color: #2e2b36;\n  background: none;\n}\n.dt-shortcode-soc-icons a.single-soc-icon-2b13a6d4776420aadaf296ca7bc70438 .soc-font-icon,\n.dt-shortcode-soc-icons a.single-soc-icon-2b13a6d4776420aadaf296ca7bc70438 .soc-icon {\n  font-size: 24px;\n}<\/style><a title=\"Instagram\" href=\"https:\/\/www.instagram.com\/ateliermadridclassicart\/\" class=\"instagram single-soc-icon-2b13a6d4776420aadaf296ca7bc70438 dt-icon-bg-off dt-icon-border-on dt-icon-hover-bg-on\"><i class=\"soc-icon soc-font-icon dt-icon-instagram\"><\/i><span class=\"screen-reader-text\">Instagram<\/span><\/a><style type=\"text\/css\" data-type=\"the7_shortcodes-inline-css\">.dt-shortcode-soc-icons a.single-soc-icon-33e0490174299b3071651c75daf78e6e {\n  min-width: 46px;\n  min-height: 46px;\n  font-size: 24px;\n  border-radius: 100px;\n}\n.dt-shortcode-soc-icons a.single-soc-icon-33e0490174299b3071651c75daf78e6e:last-child {\n  margin-right: 0;\n}\n.dt-shortcode-soc-icons a.single-soc-icon-33e0490174299b3071651c75daf78e6e:before,\n.dt-shortcode-soc-icons a.single-soc-icon-33e0490174299b3071651c75daf78e6e:after {\n  min-width: 46px;\n  min-height: 46px;\n  padding: inherit;\n}\n.dt-shortcode-soc-icons a.single-soc-icon-33e0490174299b3071651c75daf78e6e.dt-icon-border-on:before {\n  border: 2px solid #2e2b36;\n}\n.dt-shortcode-soc-icons a.single-soc-icon-33e0490174299b3071651c75daf78e6e.dt-icon-hover-border-on:after {\n  border: 2px solid ;\n}\n.dt-shortcode-soc-icons a.single-soc-icon-33e0490174299b3071651c75daf78e6e:hover {\n  font-size: 24px;\n}\n#page .dt-shortcode-soc-icons a.single-soc-icon-33e0490174299b3071651c75daf78e6e:hover .soc-font-icon,\n#phantom .dt-shortcode-soc-icons a.single-soc-icon-33e0490174299b3071651c75daf78e6e:hover .soc-font-icon,\n#page .dt-shortcode-soc-icons a.single-soc-icon-33e0490174299b3071651c75daf78e6e:hover .soc-icon,\n#phantom .dt-shortcode-soc-icons a.single-soc-icon-33e0490174299b3071651c75daf78e6e:hover .soc-icon {\n  color: rgba(255,255,255,0.75);\n  background: none;\n}\n#page .dt-shortcode-soc-icons a.single-soc-icon-33e0490174299b3071651c75daf78e6e.dt-icon-hover-bg-on:after,\n#phantom .dt-shortcode-soc-icons a.single-soc-icon-33e0490174299b3071651c75daf78e6e.dt-icon-hover-bg-on:after {\n  background: #2e2b36;\n}\n#page .dt-shortcode-soc-icons a.single-soc-icon-33e0490174299b3071651c75daf78e6e:not(:hover) .soc-font-icon,\n#phantom .dt-shortcode-soc-icons a.single-soc-icon-33e0490174299b3071651c75daf78e6e:not(:hover) .soc-font-icon,\n#page .dt-shortcode-soc-icons a.single-soc-icon-33e0490174299b3071651c75daf78e6e:not(:hover) .soc-icon,\n#phantom .dt-shortcode-soc-icons a.single-soc-icon-33e0490174299b3071651c75daf78e6e:not(:hover) .soc-icon {\n  color: #2e2b36;\n  background: none;\n}\n.dt-shortcode-soc-icons a.single-soc-icon-33e0490174299b3071651c75daf78e6e .soc-font-icon,\n.dt-shortcode-soc-icons a.single-soc-icon-33e0490174299b3071651c75daf78e6e .soc-icon {\n  font-size: 24px;\n}<\/style><a title=\"Ronda de Atocha 37 bajo, 28012, Madrid\" href=\"https:\/\/goo.gl\/maps\/iuSJ3zS2W9RrZga56\" class=\"far fa-map single-soc-icon-33e0490174299b3071651c75daf78e6e dt-icon-bg-off dt-icon-border-on dt-icon-hover-bg-on\"><i class=\"soc-icon far fa-map\"><\/i><span class=\"screen-reader-text\">Ronda de Atocha 37 bajo, 28012, Madrid<\/span><\/a><style type=\"text\/css\" data-type=\"the7_shortcodes-inline-css\">.dt-shortcode-soc-icons a.single-soc-icon-e12fb6e7604454947a6fb1a9e17f04c6 {\n  min-width: 46px;\n  min-height: 46px;\n  font-size: 24px;\n  border-radius: 100px;\n}\n.dt-shortcode-soc-icons a.single-soc-icon-e12fb6e7604454947a6fb1a9e17f04c6:last-child {\n  margin-right: 0;\n}\n.dt-shortcode-soc-icons a.single-soc-icon-e12fb6e7604454947a6fb1a9e17f04c6:before,\n.dt-shortcode-soc-icons a.single-soc-icon-e12fb6e7604454947a6fb1a9e17f04c6:after {\n  min-width: 46px;\n  min-height: 46px;\n  padding: inherit;\n}\n.dt-shortcode-soc-icons a.single-soc-icon-e12fb6e7604454947a6fb1a9e17f04c6.dt-icon-border-on:before {\n  border: 2px solid #2e2b36;\n}\n.dt-shortcode-soc-icons a.single-soc-icon-e12fb6e7604454947a6fb1a9e17f04c6.dt-icon-hover-border-on:after {\n  border: 2px solid ;\n}\n.dt-shortcode-soc-icons a.single-soc-icon-e12fb6e7604454947a6fb1a9e17f04c6:hover {\n  font-size: 24px;\n}\n#page .dt-shortcode-soc-icons a.single-soc-icon-e12fb6e7604454947a6fb1a9e17f04c6:hover .soc-font-icon,\n#phantom .dt-shortcode-soc-icons a.single-soc-icon-e12fb6e7604454947a6fb1a9e17f04c6:hover .soc-font-icon,\n#page .dt-shortcode-soc-icons a.single-soc-icon-e12fb6e7604454947a6fb1a9e17f04c6:hover .soc-icon,\n#phantom .dt-shortcode-soc-icons a.single-soc-icon-e12fb6e7604454947a6fb1a9e17f04c6:hover .soc-icon {\n  color: rgba(255,255,255,0.75);\n  background: none;\n}\n#page .dt-shortcode-soc-icons a.single-soc-icon-e12fb6e7604454947a6fb1a9e17f04c6.dt-icon-hover-bg-on:after,\n#phantom .dt-shortcode-soc-icons a.single-soc-icon-e12fb6e7604454947a6fb1a9e17f04c6.dt-icon-hover-bg-on:after {\n  background: #2e2b36;\n}\n#page .dt-shortcode-soc-icons a.single-soc-icon-e12fb6e7604454947a6fb1a9e17f04c6:not(:hover) .soc-font-icon,\n#phantom .dt-shortcode-soc-icons a.single-soc-icon-e12fb6e7604454947a6fb1a9e17f04c6:not(:hover) .soc-font-icon,\n#page .dt-shortcode-soc-icons a.single-soc-icon-e12fb6e7604454947a6fb1a9e17f04c6:not(:hover) .soc-icon,\n#phantom .dt-shortcode-soc-icons a.single-soc-icon-e12fb6e7604454947a6fb1a9e17f04c6:not(:hover) .soc-icon {\n  color: #2e2b36;\n  background: none;\n}\n.dt-shortcode-soc-icons a.single-soc-icon-e12fb6e7604454947a6fb1a9e17f04c6 .soc-font-icon,\n.dt-shortcode-soc-icons a.single-soc-icon-e12fb6e7604454947a6fb1a9e17f04c6 .soc-icon {\n  font-size: 24px;\n}<\/style><a title=\"\" href=\"mailto:info@ateliermadrid.es\" class=\"far fa-envelope single-soc-icon-e12fb6e7604454947a6fb1a9e17f04c6 dt-icon-bg-off dt-icon-border-on dt-icon-hover-bg-on\"><i class=\"soc-icon far fa-envelope\"><\/i><span class=\"screen-reader-text\"><\/span><\/a><\/div><\/div><\/div><\/div><\/div><div class=\"vc_row-full-width vc_clearfix\"><\/div>\n<\/div>","protected":false},"excerpt":{"rendered":"<p>D\u00f3nde EstamosFormulario de Contacto Acepto la Pol\u00edtica de Privacidad &#916; Los datos que nos proporcionas mediante este formulario de contacto ser\u00e1n tratados \u00fanicamente por Atelier Madrid como responsable de la web. El prop\u00f3sito de este formulario es el contacto personal. En ning\u00fan caso se ceder\u00e1n estos datos a terceras empresas para la explotaci\u00f3n comercial de&hellip;<\/p>","protected":false},"author":1,"featured_media":0,"parent":0,"menu_order":0,"comment_status":"closed","ping_status":"closed","template":"","meta":{"footnotes":""},"class_list":["post-1505","page","type-page","status-publish","hentry","description-off"],"_links":{"self":[{"href":"https:\/\/www.ateliermadrid.es\/en\/wp-json\/wp\/v2\/pages\/1505","targetHints":{"allow":["GET"]}}],"collection":[{"href":"https:\/\/www.ateliermadrid.es\/en\/wp-json\/wp\/v2\/pages"}],"about":[{"href":"https:\/\/www.ateliermadrid.es\/en\/wp-json\/wp\/v2\/types\/page"}],"author":[{"embeddable":true,"href":"https:\/\/www.ateliermadrid.es\/en\/wp-json\/wp\/v2\/users\/1"}],"replies":[{"embeddable":true,"href":"https:\/\/www.ateliermadrid.es\/en\/wp-json\/wp\/v2\/comments?post=1505"}],"version-history":[{"count":21,"href":"https:\/\/www.ateliermadrid.es\/en\/wp-json\/wp\/v2\/pages\/1505\/revisions"}],"predecessor-version":[{"id":1674,"href":"https:\/\/www.ateliermadrid.es\/en\/wp-json\/wp\/v2\/pages\/1505\/revisions\/1674"}],"wp:attachment":[{"href":"https:\/\/www.ateliermadrid.es\/en\/wp-json\/wp\/v2\/media?parent=1505"}],"curies":[{"name":"wp","href":"https:\/\/api.w.org\/{rel}","templated":true}]}}