{"id":1655,"date":"2022-01-21T13:14:40","date_gmt":"2022-01-21T13:14:40","guid":{"rendered":"https:\/\/www.ateliermadrid.es\/?page_id=1655"},"modified":"2022-01-21T15:51:36","modified_gmt":"2022-01-21T15:51:36","slug":"politica-de-cookies","status":"publish","type":"page","link":"https:\/\/www.ateliermadrid.es\/en\/politica-de-cookies\/","title":{"rendered":"Cookies Policy"},"content":{"rendered":"<div class=\"wpb-content-wrapper\"><div class=\"vc_row wpb_row vc_row-fluid\"><div class=\"wpb_column vc_column_container vc_col-sm-12\"><div class=\"vc_column-inner\"><div class=\"wpb_wrapper\"><div class=\"vc_empty_space\"   style=\"height: 32px\"><span class=\"vc_empty_space_inner\"><\/span><\/div>\n\t<div class=\"wpb_text_column wpb_content_element  texto-legal\" >\n\t\t<div class=\"wpb_wrapper\">\n\t\t\t<h2>INFORMACI\u00d3N SOBRE COOKIES<\/h2>\n<h3>\u00bfQU\u00c9 ES UNA COOKIE?<\/h3>\n<p>Una cookie es un peque\u00f1o fichero de texto que una web coloca en tu ordenador o dispositivo m\u00f3vil con informaci\u00f3n sobre tu navegaci\u00f3n en dicha web. Las cookies permiten, entre otras cosas, almacenar y recuperar informaci\u00f3n sobre los h\u00e1bitos de navegaci\u00f3n de una persona usuaria o de su equipo y pueden utilizarse para reconocer a la persona usuaria.<\/p>\n<h3>\u00bfPARA QU\u00c9 SE UTILIZAN LAS COOKIES EN ESTA WEB?<\/h3>\n<p>Las cookies son una parte esencial de c\u00f3mo funciona nuestra web. Gracias a las cookies, por ejemplo, podemos recordar tu acceso al \u00e1rea de cliente, tus preferencias durante la navegaci\u00f3n, etc.<\/p>\n<p>La informaci\u00f3n recogida en las cookies nos permite adem\u00e1s mejorar, mediante estad\u00edsticas de qu\u00e9 partes de la web son mas visitadas, etc.<\/p>\n<p><strong>No almacenamos informaci\u00f3n sensible.<\/strong><\/p>\n<h3>\u00bfQUI\u00c9N USA LA INFORMACI\u00d3N ALMACENADA EN LAS COOKIES?<\/h3>\n<p>La informaci\u00f3n almacenada en las cookies es utilizada exclusivamente por nosotros, a excepci\u00f3n las que son utilizadas y gestionadas por entidades externas para proporcionarnos servicios solicitados por nosotros a nivel estad\u00edstico para mejorar nuestros servicios y tu experiencia al navegar en nuestra web.<\/p>\n<h3>\u00bfC\u00d3MO PUEDO DESACTIVAR EL USO DE COOKIES EN ESTA P\u00c1GINA?<\/h3>\n<p>Si quieres evitar el uso de cookies en nuestra web y que no se almacenen en tu equipo, debes seguir los unos pasos que dependen del navegador con el que accedes a la web:<\/p>\n<p>Firefox:\u00a0<a href=\"https:\/\/support.mozilla.org\/es\/kb\/habilitar-y-deshabilitar-cookies-que-los-sitios-we\">https:\/\/support.mozilla.org\/es\/kb\/habilitar-y-deshabilitar-cookies-que-los-sitios-web<\/a><\/p>\n<p>Chrome:\u00a0<a href=\"http:\/\/support.google.com\/chrome\/bin\/answer.py?hl=es&amp;answer=95647\">http:\/\/support.google.com\/chrome\/bin\/answer.py?hl=es&amp;answer=95647<\/a><\/p>\n<p>Explorer:\u00a0<a href=\"http:\/\/windows.microsoft.com\/es-es\/internet-explorer\/delete-manage-cookies#ie=ie-10\">http:\/\/windows.microsoft.com\/es-es\/internet-explorer\/delete-manage-cookies#ie=ie-10<\/a><\/p>\n<p>Safari:\u00a0<a href=\"http:\/\/support.apple.com\/kb\/ph5042\">http:\/\/support.apple.com\/kb\/ph5042<\/a><\/p>\n<h3>COOKIES UTILIZADAS EN NUESTRA WEB<\/h3>\n<p>A continuaci\u00f3n se incluye un cuadro con las cookies utilizadas por nuestra web, junto con la informaci\u00f3n sobre el prop\u00f3sito, duraci\u00f3n y gesti\u00f3n (propia o por terceros) de cada una de ellas.<\/p>\n<h4>Cookies t\u00e9cnicas propias<\/h4>\n<table class=\"cookies\">\n<tbody>\n<tr>\n<th>Cookie<\/th>\n<th>Duraci\u00f3n<\/th>\n<th>Descripci\u00f3n<\/th>\n<\/tr>\n<tr>\n<td>_icl_current_language<\/td>\n<td>30 d\u00edas<\/td>\n<td>Almacena informaci\u00f3n del idioma que usa en su visita a la web<\/td>\n<\/tr>\n<tr>\n<td>cookie_notice_accepted<\/td>\n<td>30 d\u00edas<\/td>\n<td>Muestra el aviso de cookies en la zona inferior<\/td>\n<\/tr>\n<tr>\n<td>wp-*<\/td>\n<td>Sesi\u00f3n<\/td>\n<td>Controla funcionalidades del sistema WP<\/td>\n<\/tr>\n<\/tbody>\n<\/table>\n<h4><\/h4>\n<h4>Cookies de control estad\u00edstico de terceros<\/h4>\n<table class=\"cookies\">\n<tbody>\n<tr>\n<th>Cookie<\/th>\n<th>Duraci\u00f3n<\/th>\n<th>Descripci\u00f3n<\/th>\n<\/tr>\n<tr>\n<td>Google Analytics (__utma, __utmb, __utmc, __utmz)<\/td>\n<td>1 a\u00f1o<\/td>\n<td>Cookies de google analytics<\/td>\n<\/tr>\n<\/tbody>\n<\/table>\n\n\t\t<\/div>\n\t<\/div>\n<div class=\"vc_empty_space\"   style=\"height: 32px\"><span class=\"vc_empty_space_inner\"><\/span><\/div><\/div><\/div><\/div><\/div>\n<\/div>","protected":false},"excerpt":{"rendered":"<p>INFORMACI\u00d3N SOBRE COOKIES \u00bfQU\u00c9 ES UNA COOKIE? Una cookie es un peque\u00f1o fichero de texto que una web coloca en tu ordenador o dispositivo m\u00f3vil con informaci\u00f3n sobre tu navegaci\u00f3n en dicha web. Las cookies permiten, entre otras cosas, almacenar y recuperar informaci\u00f3n sobre los h\u00e1bitos de navegaci\u00f3n de una persona usuaria o de su&hellip;<\/p>","protected":false},"author":1,"featured_media":0,"parent":0,"menu_order":0,"comment_status":"closed","ping_status":"closed","template":"","meta":{"footnotes":""},"class_list":["post-1655","page","type-page","status-publish","hentry","description-off"],"_links":{"self":[{"href":"https:\/\/www.ateliermadrid.es\/en\/wp-json\/wp\/v2\/pages\/1655","targetHints":{"allow":["GET"]}}],"collection":[{"href":"https:\/\/www.ateliermadrid.es\/en\/wp-json\/wp\/v2\/pages"}],"about":[{"href":"https:\/\/www.ateliermadrid.es\/en\/wp-json\/wp\/v2\/types\/page"}],"author":[{"embeddable":true,"href":"https:\/\/www.ateliermadrid.es\/en\/wp-json\/wp\/v2\/users\/1"}],"replies":[{"embeddable":true,"href":"https:\/\/www.ateliermadrid.es\/en\/wp-json\/wp\/v2\/comments?post=1655"}],"version-history":[{"count":7,"href":"https:\/\/www.ateliermadrid.es\/en\/wp-json\/wp\/v2\/pages\/1655\/revisions"}],"predecessor-version":[{"id":1679,"href":"https:\/\/www.ateliermadrid.es\/en\/wp-json\/wp\/v2\/pages\/1655\/revisions\/1679"}],"wp:attachment":[{"href":"https:\/\/www.ateliermadrid.es\/en\/wp-json\/wp\/v2\/media?parent=1655"}],"curies":[{"name":"wp","href":"https:\/\/api.w.org\/{rel}","templated":true}]}}