{"id":3,"date":"2021-08-18T10:52:59","date_gmt":"2021-08-18T10:52:59","guid":{"rendered":"https:\/\/www.ateliermadrid.es\/?page_id=3"},"modified":"2026-01-26T11:38:12","modified_gmt":"2026-01-26T11:38:12","slug":"politica-de-privacidad","status":"publish","type":"page","link":"https:\/\/www.ateliermadrid.es\/en\/politica-de-privacidad\/","title":{"rendered":"Private Policy"},"content":{"rendered":"<div class=\"wpb-content-wrapper\"><div class=\"vc_row wpb_row vc_row-fluid\"><div class=\"wpb_column vc_column_container vc_col-sm-12\"><div class=\"vc_column-inner\"><div class=\"wpb_wrapper\"><div class=\"vc_empty_space\"   style=\"height: 32px\"><span class=\"vc_empty_space_inner\"><\/span><\/div>\n\t<div class=\"wpb_text_column wpb_content_element  texto-legal\" >\n\t\t<div class=\"wpb_wrapper\">\n\t\t\t<p>Conforme a la Ley Org\u00e1nica 15\/1999, 13 de diciembre, de Protecci\u00f3n de Datos de Car\u00e1cter Personal y al Reglamento (UE) 2016\/679 del Parlamento Europeo relativo a la protecci\u00f3n de datos personales de las personas f\u00edsicas (Reglamento General de Protecci\u00f3n de Datos o RGPD) informamos que los datos personales recabados en el sitio web de Atelier Madrid ser\u00e1n incluidos en ficheros de car\u00e1cter personal y cuya finalidad es la gesti\u00f3n y el control de la relaci\u00f3n entre Atelier Madrid y sus clientes o usuarios de los sitios web.<\/p>\n<p><strong>RESPONSABLE DEL TRATAMIENTO DE LOS DATOS<\/strong><\/p>\n<p>El responsable del tratamiento de los datos es el titular de la web, en este caso, Atelier Madrid con domicilio en\u00a0Ronda de Atocha 37 bajo, 28012, Madrid<\/p>\n<p>Para solicitar m\u00e1s informaci\u00f3n sobre el titular puede dirigirse a: info@ateliermadrid.es<\/p>\n<p><strong>FINALIDAD<\/strong><\/p>\n<p>Atelier Madrid dispone de un fichero con los datos de los env\u00edos de los formularios de contacto de la web ateliermadrid.es con la finalidad de dar atenci\u00f3n a las posibles consultas, dudas o aportaciones de estos usuarios sobre los art\u00edculos publicados o sobre la actividad de ateliermadrid.es<\/p>\n<p>Los datos enviados por el usuario tienen una vigencia m\u00e1xima igual al tiempo en el que el art\u00edculo est\u00e1 publicado.<\/p>\n<p>En el caso de que el usuario contrate alguno de los servicios de Atelier Madrid sus datos permanecen en nuestros sistemas mientras dura la relaci\u00f3n contractual.<\/p>\n<p><strong>TRATAMIENTO<\/strong><\/p>\n<p>Los datos enviados por los usuarios mediante el formulario de contacto no se har\u00e1n p\u00fablicos y se guardan exclusivamente para responder dudas o contactar con el usuario sobre aspectos relacionados con su consulta. En ning\u00fan caso se ceden o venden estos datos a ninguna tercera empresa para la explotaci\u00f3n comercial de los mismos.<\/p>\n<p>Estos datos son almacenados en servidores de la Uni\u00f3n Europea.<\/p>\n<p><strong>CESIONES<\/strong><\/p>\n<p>Atelier Madrid usa en algunos casos proveedores externos para alojamiento de correo, servidores web, sistemas de e-mail marketing, sistemas de backups, etc., que pueden tener acceso a datos personales. Estos proveedores est\u00e1n adheridos al acuerdo Privacy Shield entre (USA \u2013 UE) y est\u00e1n obligados a cumplir requisitos similares a los equivalentes Europeos. La aceptaci\u00f3n de esta pol\u00edtica de privacidad autoriza la comunicaci\u00f3n de estos datos a dichos proveedores.<\/p>\n<p><strong>DERECHOS<\/strong><\/p>\n<p>Los usuarios tienen derecho a la modificaci\u00f3n o anulaci\u00f3n de los datos almacenados por Atelier Madrid<\/p>\n<p>Puede dirigirse a: info@ateliermadrid.es para recibir informaci\u00f3n sobre los datos que gestiona Atelier Madrid y ejercer los derechos anteriormente descritos.<\/p>\n\n\t\t<\/div>\n\t<\/div>\n<div class=\"vc_empty_space\"   style=\"height: 32px\"><span class=\"vc_empty_space_inner\"><\/span><\/div><\/div><\/div><\/div><\/div><\/div>","protected":false},"excerpt":{"rendered":"<p>Conforme a la Ley Org\u00e1nica 15\/1999, 13 de diciembre, de Protecci\u00f3n de Datos de Car\u00e1cter Personal y al Reglamento (UE) 2016\/679 del Parlamento Europeo relativo a la protecci\u00f3n de datos personales de las personas f\u00edsicas (Reglamento General de Protecci\u00f3n de Datos o RGPD) informamos que los datos personales recabados en el sitio web de Atelier&hellip;<\/p>","protected":false},"author":1,"featured_media":0,"parent":0,"menu_order":0,"comment_status":"closed","ping_status":"closed","template":"","meta":{"footnotes":""},"class_list":["post-3","page","type-page","status-publish","hentry","description-off"],"_links":{"self":[{"href":"https:\/\/www.ateliermadrid.es\/en\/wp-json\/wp\/v2\/pages\/3","targetHints":{"allow":["GET"]}}],"collection":[{"href":"https:\/\/www.ateliermadrid.es\/en\/wp-json\/wp\/v2\/pages"}],"about":[{"href":"https:\/\/www.ateliermadrid.es\/en\/wp-json\/wp\/v2\/types\/page"}],"author":[{"embeddable":true,"href":"https:\/\/www.ateliermadrid.es\/en\/wp-json\/wp\/v2\/users\/1"}],"replies":[{"embeddable":true,"href":"https:\/\/www.ateliermadrid.es\/en\/wp-json\/wp\/v2\/comments?post=3"}],"version-history":[{"count":9,"href":"https:\/\/www.ateliermadrid.es\/en\/wp-json\/wp\/v2\/pages\/3\/revisions"}],"predecessor-version":[{"id":1686,"href":"https:\/\/www.ateliermadrid.es\/en\/wp-json\/wp\/v2\/pages\/3\/revisions\/1686"}],"wp:attachment":[{"href":"https:\/\/www.ateliermadrid.es\/en\/wp-json\/wp\/v2\/media?parent=3"}],"curies":[{"name":"wp","href":"https:\/\/api.w.org\/{rel}","templated":true}]}}